{"id":102,"date":"2022-12-06T17:20:08","date_gmt":"2022-12-06T17:20:08","guid":{"rendered":"https:\/\/vineyard-nuernberg.org\/cms\/?page_id=102"},"modified":"2023-01-16T17:12:26","modified_gmt":"2023-01-16T17:12:26","slug":"gottesdienst","status":"publish","type":"page","link":"https:\/\/vineyard-nuernberg.org\/cms\/index.php\/gottesdienst\/","title":{"rendered":"Gottesdienst"},"content":{"rendered":"<div id=\"pl-102\"  class=\"panel-layout\" ><div id=\"pg-102-0\"  class=\"panel-grid panel-no-style\" ><div id=\"pgc-102-0-0\"  class=\"panel-grid-cell\" ><div id=\"panel-102-0-0-0\" class=\"so-panel widget widget_sow-editor panel-first-child panel-last-child\" data-index=\"0\" ><div\n\t\t\t\n\t\t\tclass=\"so-widget-sow-editor so-widget-sow-editor-base\"\n\t\t\t\n\t\t>\n<div class=\"siteorigin-widget-tinymce textwidget\">\n\t<p style=\"font-weight: 400;\">Ein Ort der Begegnung,\u00a0mit Gott und miteinander \u2013 f\u00fcr Gro\u00df und Klein! Wir kommen zusammen, um Gott zu danken und Ihn zu feiern. Moderne Lieder und Bibelauslegung mit aktuellem Lebensbezug helfen uns dabei, Gott zu begegnen und uns von ihm ver\u00e4ndern zu lassen.<\/p>\n<p style=\"font-weight: 400;\">In jedem Gottesdienst besteht am Ende die M\u00f6glichkeit, pers\u00f6nlich f\u00fcr sich beten zu lassen.<\/p>\n<p style=\"font-weight: 400;\">Nach dem Gottesdienst nehmen wir uns \u2013 bei einem kleinen Imbiss \u2013 Zeit f\u00fcr unsere Beziehungen untereinander und zum besseren Kennenlernen.<\/p>\n<p style=\"font-weight: 400;\">Kinder geh\u00f6ren ganz nat\u00fcrlich zu unseren Gottesdiensten dazu.\u00a0In der Gnadenkirche\u00a0feiern Gro\u00df und Klein gemeinsam einen kreativen und aktiven Gottesdienst.<\/p>\n<h4 class=\"widget-title\">UNSERE N\u00c4CHSTEN GOTTESDIENSTE<\/h4>\n<div class=\"simcal-calendar simcal-default-calendar simcal-default-calendar-list simcal-default-calendar-light\" data-calendar-id=\"366\" data-timezone=\"Europe\/Berlin\" data-offset=\"7200\" data-week-start=\"1\" data-calendar-start=\"1777845600\" data-calendar-end=\"1793556000\" data-events-first=\"1778425200\" data-events-last=\"1793556000\"><div class=\"simcal-calendar-list simcal-calendar-list-compact\"><div class=\"simcal-events-list-container\" data-prev=\"1775253600\" data-next=\"1780524000\" data-heading-small=\"Mai 2026\" data-heading-large=\"Mai 2026\"><div class=\"simcal-weekday-0 simcal-past simcal-day simcal-day-has-events simcal-day-has-1-events simcal-events-calendar-366\" data-events-count=\"1\">\n\t<ul class=\"simcal-events\">\n\t<li class=\"simcal-event simcal-event-recurring simcal-event-has-location simcal-events-calendar-366\" style=\"\" itemscope itemtype=\"http:\/\/schema.org\/Event\" data-start=\"1778425200\">\n\t\t<div class=\"simcal-event-details\"><p><span class=\"simcal-event-start simcal-event-start-date\" data-event-start=\"1778425200\" data-event-format=\"l, d F Y\" itemprop=\"startDate\" content=\"2026-05-10T17:00:00+02:00\">Sonntag, 10 Mai 2026<\/span>&nbsp;&nbsp;<span class=\"simcal-event-start simcal-event-start-time\" data-event-start=\"1778425200\" data-event-format=\"G:i\" itemprop=\"startDate\" content=\"2026-05-10T17:00:00+02:00\">17:00<\/span> - <span class=\"simcal-event-end simcal-event-end-time\" data-event-end=\"1778432400\" data-event-format=\"G:i\" itemprop=\"endDate\" content=\"2026-05-10T19:00:00+02:00\">19:00<\/span><br \/>\n <span class=\"simcal-event-address simcal-event-start-location\" itemprop=\"location\" itemscope itemtype=\"http:\/\/schema.org\/Place\"><meta itemprop=\"name\" content=\"Gnadenkirche, Neumeyerstra\u00dfe 47\" \/><meta itemprop=\"address\" content=\"Gnadenkirche, Neumeyerstra\u00dfe 47\" \/>Gnadenkirche, Neumeyerstra\u00dfe 47<\/span><\/p>\n<div><\/div><\/div>\n\t<\/li>\n<\/ul>\n\n<\/div>\n<div class=\"simcal-weekday-0 simcal-past simcal-day simcal-day-has-events simcal-day-has-1-events simcal-events-calendar-366\" data-events-count=\"1\">\n\t<ul class=\"simcal-events\">\n\t<li class=\"simcal-event simcal-events-calendar-366\" style=\"\" itemscope itemtype=\"http:\/\/schema.org\/Event\" data-start=\"1779634800\">\n\t\t<div class=\"simcal-event-details\"><p><span class=\"simcal-event-start simcal-event-start-date\" data-event-start=\"1779634800\" data-event-format=\"l, d F Y\" itemprop=\"startDate\" content=\"2026-05-24T17:00:00+02:00\">Sonntag, 24 Mai 2026<\/span>&nbsp;&nbsp;<span class=\"simcal-event-start simcal-event-start-time\" data-event-start=\"1779634800\" data-event-format=\"G:i\" itemprop=\"startDate\" content=\"2026-05-24T17:00:00+02:00\">17:00<\/span> - <span class=\"simcal-event-end simcal-event-end-time\" data-event-end=\"1779642000\" data-event-format=\"G:i\" itemprop=\"endDate\" content=\"2026-05-24T19:00:00+02:00\">19:00<\/span><br \/>\n <span class=\"simcal-event-address simcal-event-start-location\" itemprop=\"location\" itemscope itemtype=\"http:\/\/schema.org\/Place\"><meta itemprop=\"name\" content=\"KEIN Gottesdienst !\" \/><meta itemprop=\"address\" content=\"KEIN Gottesdienst !\" \/><\/span><\/p>\n<div><\/div><\/div>\n\t<\/li>\n<\/ul>\n\n<\/div>\n<div class=\"simcal-weekday-0 simcal-past simcal-day simcal-day-has-events simcal-day-has-1-events simcal-events-calendar-366\" data-events-count=\"1\">\n\t<ul class=\"simcal-events\">\n\t<li class=\"simcal-event simcal-event-recurring simcal-event-has-location simcal-events-calendar-366\" style=\"\" itemscope itemtype=\"http:\/\/schema.org\/Event\" data-start=\"1780239600\">\n\t\t<div class=\"simcal-event-details\"><p><span class=\"simcal-event-start simcal-event-start-date\" data-event-start=\"1780239600\" data-event-format=\"l, d F Y\" itemprop=\"startDate\" content=\"2026-05-31T17:00:00+02:00\">Sonntag, 31 Mai 2026<\/span>&nbsp;&nbsp;<span class=\"simcal-event-start simcal-event-start-time\" data-event-start=\"1780239600\" data-event-format=\"G:i\" itemprop=\"startDate\" content=\"2026-05-31T17:00:00+02:00\">17:00<\/span> - <span class=\"simcal-event-end simcal-event-end-time\" data-event-end=\"1780246800\" data-event-format=\"G:i\" itemprop=\"endDate\" content=\"2026-05-31T19:00:00+02:00\">19:00<\/span><br \/>\n <span class=\"simcal-event-address simcal-event-start-location\" itemprop=\"location\" itemscope itemtype=\"http:\/\/schema.org\/Place\"><meta itemprop=\"name\" content=\"Gnadenkirche, Neumeyerstra\u00dfe 47\" \/><meta itemprop=\"address\" content=\"Gnadenkirche, Neumeyerstra\u00dfe 47\" \/>Gnadenkirche, Neumeyerstra\u00dfe 47<\/span><\/p>\n<div><\/div><\/div>\n\t<\/li>\n<\/ul>\n\n<\/div>\n<\/div><div class=\"simcal-ajax-loader simcal-spinner-top\" style=\"display: none;\"><i class=\"simcal-icon-spinner simcal-icon-spin\"><\/i><\/div><\/div><\/div>\n<p>Hier findest Du uns: <a href=\"https:\/\/www.google.de\/maps\/dir\/\/Neumeyerstra%C3%9Fe+47,+90411+N%C3%BCrnberg\/@49.4558686,11.0443764,13z\/data=!4m8!4m7!1m0!1m5!1m1!1s0x47a1fd56105603ff:0x8f2891c1b9210212!2m2!1d11.12217!2d49.48383?hl=de\">Routenplaner<\/a><\/p>\n<\/div>\n<\/div><\/div><\/div><\/div><\/div>","protected":false},"excerpt":{"rendered":"<p>Ein Ort der Begegnung,\u00a0mit Gott und miteinander \u2013 f\u00fcr Gro\u00df und Klein! Wir kommen zusammen, um Gott zu danken und Ihn zu feiern. Moderne Lieder und Bibelauslegung mit aktuellem Lebensbezug helfen uns dabei, Gott zu begegnen und uns von ihm ver\u00e4ndern zu lassen. In jedem Gottesdienst besteht am Ende die M\u00f6glichkeit, pers\u00f6nlich f\u00fcr sich beten &hellip; <\/p>\n<p class=\"link-more\"><a href=\"https:\/\/vineyard-nuernberg.org\/cms\/index.php\/gottesdienst\/\" class=\"more-link\"><span class=\"screen-reader-text\">\u201eGottesdienst\u201c <\/span>weiterlesen<\/a><\/p>\n","protected":false},"author":1,"featured_media":177,"parent":0,"menu_order":0,"comment_status":"closed","ping_status":"closed","template":"","meta":{"footnotes":""},"class_list":["post-102","page","type-page","status-publish","has-post-thumbnail","hentry"],"_links":{"self":[{"href":"https:\/\/vineyard-nuernberg.org\/cms\/index.php\/wp-json\/wp\/v2\/pages\/102","targetHints":{"allow":["GET"]}}],"collection":[{"href":"https:\/\/vineyard-nuernberg.org\/cms\/index.php\/wp-json\/wp\/v2\/pages"}],"about":[{"href":"https:\/\/vineyard-nuernberg.org\/cms\/index.php\/wp-json\/wp\/v2\/types\/page"}],"author":[{"embeddable":true,"href":"https:\/\/vineyard-nuernberg.org\/cms\/index.php\/wp-json\/wp\/v2\/users\/1"}],"replies":[{"embeddable":true,"href":"https:\/\/vineyard-nuernberg.org\/cms\/index.php\/wp-json\/wp\/v2\/comments?post=102"}],"version-history":[{"count":11,"href":"https:\/\/vineyard-nuernberg.org\/cms\/index.php\/wp-json\/wp\/v2\/pages\/102\/revisions"}],"predecessor-version":[{"id":426,"href":"https:\/\/vineyard-nuernberg.org\/cms\/index.php\/wp-json\/wp\/v2\/pages\/102\/revisions\/426"}],"wp:featuredmedia":[{"embeddable":true,"href":"https:\/\/vineyard-nuernberg.org\/cms\/index.php\/wp-json\/wp\/v2\/media\/177"}],"wp:attachment":[{"href":"https:\/\/vineyard-nuernberg.org\/cms\/index.php\/wp-json\/wp\/v2\/media?parent=102"}],"curies":[{"name":"wp","href":"https:\/\/api.w.org\/{rel}","templated":true}]}}