{"id":109,"date":"2022-12-06T17:22:36","date_gmt":"2022-12-06T17:22:36","guid":{"rendered":"https:\/\/vineyard-nuernberg.org\/cms\/?page_id=109"},"modified":"2022-12-09T11:13:13","modified_gmt":"2022-12-09T11:13:13","slug":"kinderkirche","status":"publish","type":"page","link":"https:\/\/vineyard-nuernberg.org\/cms\/index.php\/kinderkirche\/","title":{"rendered":"Kinderkirche"},"content":{"rendered":"<div id=\"pl-109\"  class=\"panel-layout\" ><div id=\"pg-109-0\"  class=\"panel-grid panel-no-style\" ><div id=\"pgc-109-0-0\"  class=\"panel-grid-cell\" ><div id=\"panel-109-0-0-0\" class=\"so-panel widget widget_sow-editor panel-first-child panel-last-child\" data-index=\"0\" ><div\n\t\t\t\n\t\t\tclass=\"so-widget-sow-editor so-widget-sow-editor-base\"\n\t\t\t\n\t\t>\n<div class=\"siteorigin-widget-tinymce textwidget\">\n\t<p>Die Kinder sind f\u00fcr uns eines der gr\u00f6\u00dften Geschenke, die Gott uns gegeben hat. Jedes Einzelne unserer Kids ist von Gott gewollt und geliebt.<\/p>\n<p>Er liebt ihre Einzigartigkeit und m\u00f6chte sie in ihrer Pers\u00f6nlichkeitsentwicklung f\u00f6rdern.<\/p>\n<p>Auch wir als Gemeinde m\u00f6chten unseren Teil dazu beitragen, damit das gelingen kann. Das Privileg der Erziehung ist Aufgabe der Eltern, aber wir als Gemeinde m\u00f6chten unsere Unterst\u00fctzung anbieten, wo immer es geht.<\/p>\n<p>Gemeinde ist eine Familie - dies gilt auch f\u00fcr diesen Bereich. Als Vineyard-Gemeinde ist es uns wichtig, den Beginn des Gottesdienstes als ganze Familie zu erleben.<\/p>\n<p>In der Gnadenkirche feiert Gro\u00df und Klein gemeinsam einen kreativen und aktiven Gottesdienst.<\/p>\n<p>Wir freuen uns auf Euch!<\/p>\n<p>Infos unter\u00a0<a href=\"mailto:kinderdienst@vineyard-nuernberg.de\">kinderdienst (\u00e4t) vineyard-nuernberg.de<\/a><\/p>\n<\/div>\n<\/div><\/div><\/div><\/div><\/div>","protected":false},"excerpt":{"rendered":"<p>Die Kinder sind f\u00fcr uns eines der gr\u00f6\u00dften Geschenke, die Gott uns gegeben hat. Jedes Einzelne unserer Kids ist von Gott gewollt und geliebt. Er liebt ihre Einzigartigkeit und m\u00f6chte sie in ihrer Pers\u00f6nlichkeitsentwicklung f\u00f6rdern. Auch wir als Gemeinde m\u00f6chten unseren Teil dazu beitragen, damit das gelingen kann. Das Privileg der Erziehung ist Aufgabe der &hellip; <\/p>\n<p class=\"link-more\"><a href=\"https:\/\/vineyard-nuernberg.org\/cms\/index.php\/kinderkirche\/\" class=\"more-link\"><span class=\"screen-reader-text\">\u201eKinderkirche\u201c <\/span>weiterlesen<\/a><\/p>\n","protected":false},"author":1,"featured_media":0,"parent":0,"menu_order":0,"comment_status":"closed","ping_status":"closed","template":"","meta":{"footnotes":""},"class_list":["post-109","page","type-page","status-publish","hentry"],"_links":{"self":[{"href":"https:\/\/vineyard-nuernberg.org\/cms\/index.php\/wp-json\/wp\/v2\/pages\/109","targetHints":{"allow":["GET"]}}],"collection":[{"href":"https:\/\/vineyard-nuernberg.org\/cms\/index.php\/wp-json\/wp\/v2\/pages"}],"about":[{"href":"https:\/\/vineyard-nuernberg.org\/cms\/index.php\/wp-json\/wp\/v2\/types\/page"}],"author":[{"embeddable":true,"href":"https:\/\/vineyard-nuernberg.org\/cms\/index.php\/wp-json\/wp\/v2\/users\/1"}],"replies":[{"embeddable":true,"href":"https:\/\/vineyard-nuernberg.org\/cms\/index.php\/wp-json\/wp\/v2\/comments?post=109"}],"version-history":[{"count":2,"href":"https:\/\/vineyard-nuernberg.org\/cms\/index.php\/wp-json\/wp\/v2\/pages\/109\/revisions"}],"predecessor-version":[{"id":293,"href":"https:\/\/vineyard-nuernberg.org\/cms\/index.php\/wp-json\/wp\/v2\/pages\/109\/revisions\/293"}],"wp:attachment":[{"href":"https:\/\/vineyard-nuernberg.org\/cms\/index.php\/wp-json\/wp\/v2\/media?parent=109"}],"curies":[{"name":"wp","href":"https:\/\/api.w.org\/{rel}","templated":true}]}}