{"id":458,"date":"2023-04-05T17:04:39","date_gmt":"2023-04-05T17:04:39","guid":{"rendered":"https:\/\/vineyard-nuernberg.org\/cms\/?page_id=458"},"modified":"2026-02-05T00:50:51","modified_gmt":"2026-02-05T00:50:51","slug":"jugendarbeit","status":"publish","type":"page","link":"https:\/\/vineyard-nuernberg.org\/cms\/index.php\/angebote\/jugendarbeit\/","title":{"rendered":"Jugendtreff"},"content":{"rendered":"<div id=\"pl-458\"  class=\"panel-layout\" ><div id=\"pg-458-0\"  class=\"panel-grid panel-no-style\" ><div id=\"pgc-458-0-0\"  class=\"panel-grid-cell panel-grid-cell-empty panel-grid-cell-mobile-last\" ><\/div><div id=\"pgc-458-0-1\"  class=\"panel-grid-cell panel-grid-cell-empty\" ><\/div><\/div><div id=\"pg-458-1\"  class=\"panel-grid panel-no-style\" ><div id=\"pgc-458-1-0\"  class=\"panel-grid-cell\" ><div id=\"panel-458-1-0-0\" class=\"so-panel widget widget_sow-editor panel-first-child\" data-index=\"0\" ><div\n\t\t\t\n\t\t\tclass=\"so-widget-sow-editor so-widget-sow-editor-base\"\n\t\t\t\n\t\t>\n<div class=\"siteorigin-widget-tinymce textwidget\">\n\t<p>Zusammen unterwegs erforschen wir, was es mit Gott und Glaube auf sich hat. Tiefer gemeinsamer Austausch, Worship und Chillen sind mit am Start.<\/p>\n<p>Coole gemeinsame Aktionen d\u00fcrfen nat\u00fcrlich auch nicht fehlen!<br \/>\nWir wollen mit Gott unterwegs sein, Freundschaften vertiefen und unsere Generation pr\u00e4gen.<\/p>\n<p>Wir treffen uns (fast) jeden Donnerstag um 18:30 Uhr in der Gnadenkirche (<span style=\"color: #0000ff;\"><a id=\"fprsl\" class=\"gL9Hy\" style=\"color: #0000ff;\" href=\"https:\/\/www.google.de\/search?sca_esv=602134022&amp;hl=de&amp;sxsrf=ACQVn0-ixWeQ16JvhwncUOR0WZ9ct8OESg:1706441078161&amp;q=Neumeyerstr+47,+90411+N%C3%BCrnberg&amp;spell=1&amp;sa=X&amp;ved=2ahUKEwjVzqyy_P-DAxV2X_EDHVhyDZAQkeECKAB6BAgOEAI\" data-ved=\"2ahUKEwjVzqyy_P-DAxV2X_EDHVhyDZAQkeECKAB6BAgOEAI\">Neumeyerstr\u00a047, 90411 N\u00fcrnberg<\/a><\/span>).<\/p>\n<p><span style=\"font-size: 1rem;\">Sei dabei und lerne uns kennen, w<\/span><span style=\"font-size: 1rem;\">enn du 14 Jahre oder \u00e4lter bist<\/span><span style=\"font-size: 1rem;\">! Wir freuen uns auf dich und deine Abendeuer mit Gott!<\/span><\/p>\n<p>Die n\u00e4chsten Donnerstage begeben wir uns auf die Spuren Jesu und schauen zusammen die Chosen Serie Staffel 3. Es gibt reichlich Snacks - komm gerne vorbei und bring noch einen Freund mit \ud83d\ude42<\/p>\n<p><img loading=\"lazy\" decoding=\"async\" class=\"alignnone wp-image-876\" style=\"font-size: 1rem;\" src=\"https:\/\/vineyard-nuernberg.org\/cms\/wp-content\/uploads\/2024\/01\/Chosen-einladung-300x97.jpg\" alt=\"Wir begeben uns auf den Spuren Jesu und Schauen die n\u00e4chsten Male die Chosen Serie zusammen\" width=\"554\" height=\"179\" srcset=\"https:\/\/vineyard-nuernberg.org\/cms\/wp-content\/uploads\/2024\/01\/Chosen-einladung-300x97.jpg 300w, https:\/\/vineyard-nuernberg.org\/cms\/wp-content\/uploads\/2024\/01\/Chosen-einladung-1024x331.jpg 1024w, https:\/\/vineyard-nuernberg.org\/cms\/wp-content\/uploads\/2024\/01\/Chosen-einladung-768x248.jpg 768w, https:\/\/vineyard-nuernberg.org\/cms\/wp-content\/uploads\/2024\/01\/Chosen-einladung-1536x496.jpg 1536w, https:\/\/vineyard-nuernberg.org\/cms\/wp-content\/uploads\/2024\/01\/Chosen-einladung.jpg 1600w\" sizes=\"auto, (max-width: 554px) 100vw, 554px\" \/><\/p>\n<p>Wenn du weitere Fragen hast, melde dich \u00fcber das Kontaktformular!<\/p>\n<p>Jugend Insta: <a href=\"https:\/\/www.instagram.com\/vineyard.jugend.nbg\/\">vineyard.jugend.nbg<\/a><\/p>\n<\/div>\n<\/div><\/div><div id=\"panel-458-1-0-1\" class=\"so-panel widget widget_sow-editor panel-last-child\" data-index=\"1\" ><div\n\t\t\t\n\t\t\tclass=\"so-widget-sow-editor so-widget-sow-editor-base\"\n\t\t\t\n\t\t>\n<div class=\"siteorigin-widget-tinymce textwidget\">\n\t<div class=\"everest-forms\"><div class=\"evf-container default\" id=\"evf-980\"><form id=\"evf-form-980\" class=\"everest-form\" data-formid=\"980\" data-ajax_submission=\"0\" data-keyboard_friendly_form=\"0\" data-form_state_type=\"\" method=\"post\" enctype=\"multipart\/form-data\" action=\"\/cms\/index.php\/wp-json\/wp\/v2\/pages\/458\"><div class=\"evf-field-container\"><input type=\"hidden\" id=\"_wpnonce980\" name=\"_wpnonce980\" value=\"455a211b0e\" \/><input type=\"hidden\" name=\"_wp_http_referer\" value=\"\/cms\/index.php\/wp-json\/wp\/v2\/pages\/458\" \/><div class=\"evf-frontend-row\" data-row=\"row_1\" conditional_rules=\"[]\"><div class=\"evf-frontend-grid evf-grid-1\" data-grid=\"grid_1\"><div id=\"evf-980-field_ys0GeZISRs-1-container\" class=\"evf-field evf-field-first-name form-row validate-required\" data-required-field-message=\"This field is required.\" data-field-id=\"ys0GeZISRs-1\"><label class=\"evf-field-label\" for=\"evf-980-field_ys0GeZISRs-1\"><span class=\"evf-label\">Dein Name<\/span> <abbr class=\"required\" title=\"Required\">*<\/abbr><\/label><input type=\"text\" id=\"evf-980-field_ys0GeZISRs-1\" class=\"input-text\" name=\"everest_forms[form_fields][ys0GeZISRs-1]\" required><\/div><div id=\"evf-980-field_LbH5NxasXM-2-container\" class=\"evf-field evf-field-email form-row validate-required validate-email\" data-required-field-message=\"Please enter a valid email address.\" data-field-id=\"LbH5NxasXM-2\"><label class=\"evf-field-label\" for=\"evf-980-field_LbH5NxasXM-2\"><span class=\"evf-label\">Deine Email<\/span> <abbr class=\"required\" title=\"Required\">*<\/abbr><\/label><input type=\"email\" id=\"evf-980-field_LbH5NxasXM-2\" class=\"input-text\" name=\"everest_forms[form_fields][LbH5NxasXM-2]\" required ><\/div><div id=\"evf-980-field_yhGx3FOwr2-4-container\" class=\"evf-field evf-field-textarea form-row\" data-field-id=\"yhGx3FOwr2-4\"><label class=\"evf-field-label\" for=\"evf-980-field_yhGx3FOwr2-4\"><span class=\"evf-label\">Deine Nachricht<\/span> <\/label><textarea id=\"evf-980-field_yhGx3FOwr2-4\" class=\"input-text\" name=\"everest_forms[form_fields][yhGx3FOwr2-4]\"  ><\/textarea><\/div><div id=\"evf-980-field_3P5THjQcqU-5-container\" class=\"evf-field evf-field-recaptcha form-row\" data-field-id=\"3P5THjQcqU-5\"><div class=\"evf-recaptcha-container recaptcha-hidden\" style=\"display:block\"><div class=\"g-recaptcha\" data-sitekey=\"6Lel3mMjAAAAADwkM2CEsR69rVaxTh84KfYPwfty\"><\/div><\/div><\/div><\/div><\/div><\/div><div class=\"evf-honeypot-container evf-field-hp\"><label for=\"evf-980-field-hp\" class=\"evf-field-label\">Comment<\/label><input type=\"text\" name=\"everest_forms[hp]\" id=\"evf-980-field-hp\" class=\"input-text\"><\/div><div class=\"evf-submit-container \" ><input type=\"hidden\" name=\"everest_forms[id]\" value=\"980\"><input type=\"hidden\" name=\"everest_forms[author]\" value=\"3\"><button type='submit' name='everest_forms[submit]' class='everest-forms-submit-button button evf-submit ' id='evf-submit-980' value='evf-submit' data-process-text=\"Processing\u2026\" conditional_rules='&quot;&quot;' conditional_id='evf-submit-980'  id=\"evf-submit-980\" aria-live=\"assertive\">Absenden<\/button><\/div><\/form><\/div><!-- .evf-container --><\/div>\n<\/div>\n<\/div><\/div><\/div><\/div><\/div>","protected":false},"excerpt":{"rendered":"<p>Zusammen unterwegs erforschen wir, was es mit Gott und Glaube auf sich hat. Tiefer gemeinsamer Austausch, Worship und Chillen sind mit am Start. Coole gemeinsame Aktionen d\u00fcrfen nat\u00fcrlich auch nicht fehlen! Wir wollen mit Gott unterwegs sein, Freundschaften vertiefen und unsere Generation pr\u00e4gen. Wir treffen uns (fast) jeden Donnerstag um 18:30 Uhr in der Gnadenkirche &hellip; <\/p>\n<p class=\"link-more\"><a href=\"https:\/\/vineyard-nuernberg.org\/cms\/index.php\/angebote\/jugendarbeit\/\" class=\"more-link\"><span class=\"screen-reader-text\">\u201eJugendtreff\u201c <\/span>weiterlesen<\/a><\/p>\n","protected":false},"author":3,"featured_media":486,"parent":104,"menu_order":6,"comment_status":"closed","ping_status":"closed","template":"","meta":{"footnotes":""},"class_list":["post-458","page","type-page","status-publish","has-post-thumbnail","hentry"],"_links":{"self":[{"href":"https:\/\/vineyard-nuernberg.org\/cms\/index.php\/wp-json\/wp\/v2\/pages\/458","targetHints":{"allow":["GET"]}}],"collection":[{"href":"https:\/\/vineyard-nuernberg.org\/cms\/index.php\/wp-json\/wp\/v2\/pages"}],"about":[{"href":"https:\/\/vineyard-nuernberg.org\/cms\/index.php\/wp-json\/wp\/v2\/types\/page"}],"author":[{"embeddable":true,"href":"https:\/\/vineyard-nuernberg.org\/cms\/index.php\/wp-json\/wp\/v2\/users\/3"}],"replies":[{"embeddable":true,"href":"https:\/\/vineyard-nuernberg.org\/cms\/index.php\/wp-json\/wp\/v2\/comments?post=458"}],"version-history":[{"count":43,"href":"https:\/\/vineyard-nuernberg.org\/cms\/index.php\/wp-json\/wp\/v2\/pages\/458\/revisions"}],"predecessor-version":[{"id":1052,"href":"https:\/\/vineyard-nuernberg.org\/cms\/index.php\/wp-json\/wp\/v2\/pages\/458\/revisions\/1052"}],"up":[{"embeddable":true,"href":"https:\/\/vineyard-nuernberg.org\/cms\/index.php\/wp-json\/wp\/v2\/pages\/104"}],"wp:featuredmedia":[{"embeddable":true,"href":"https:\/\/vineyard-nuernberg.org\/cms\/index.php\/wp-json\/wp\/v2\/media\/486"}],"wp:attachment":[{"href":"https:\/\/vineyard-nuernberg.org\/cms\/index.php\/wp-json\/wp\/v2\/media?parent=458"}],"curies":[{"name":"wp","href":"https:\/\/api.w.org\/{rel}","templated":true}]}}