{"id":532,"date":"2023-10-31T23:16:45","date_gmt":"2023-10-31T23:16:45","guid":{"rendered":"https:\/\/vineyard-nuernberg.org\/cms\/?page_id=532"},"modified":"2025-06-16T19:40:51","modified_gmt":"2025-06-16T19:40:51","slug":"wer-bin-ich","status":"publish","type":"page","link":"https:\/\/vineyard-nuernberg.org\/cms\/index.php\/angebote\/jugendarbeit\/wer-bin-ich\/","title":{"rendered":"Jugendreferent"},"content":{"rendered":"<h2><strong>Wer bin ich?<\/strong><\/h2>\n<p><span class=\"S1PPyQ\">Hi, Ich hei\u00dfe Tim Schuster. Wenn Freunde mich mit drei Worten beschreiben w\u00fcrden, dann w\u00e4ren es vermutlich diese:<\/span><\/p>\n<ul>\n<li style=\"list-style-type: none;\">\n<ul>\n<li style=\"list-style-type: none;\">\n<ul>\n<li><span class=\"S1PPyQ\">spielebegeistert <\/span><\/li>\n<li>loyal<\/li>\n<li><span style=\"font-size: revert;\">gerne f\u00fcr eine verr\u00fcckte Aktion zu haben <br \/>(insbesondere Outdoor)<\/span><\/li>\n<\/ul>\n<\/li>\n<\/ul>\n<\/li>\n<\/ul>\n<p><span class=\"S1PPyQ\">In meiner Freizeit bin ich gerne drau\u00dfen sportlich aktiv &#8211; egal ob beim Wandern, Klettern oder Volleyball Spielen. Auch bei einem gem\u00fctlichen Spieleabend bin ich definitiv mit am Start.<\/span><\/p>\n<p><span class=\"S1PPyQ\">Seit meiner eigenen Teenie-Zeit brennt mein Herz f\u00fcr christliche Kinder- und Jugendarbeit. Ich durfte seitdem sp\u00fcren, wie Gott mir immer wieder Kinder und Jugendliche aufs Herz legt. So folgte ich Gottes Ruf und absolvierte 2021 ein duales Theologiestudium, um in christliche Kinder- und Jugendarbeit hinein zu investieren.\u00a0<\/span><\/p>\n\n\n<figure class=\"wp-block-image size-large\"><img loading=\"lazy\" decoding=\"async\" width=\"1024\" height=\"724\" src=\"https:\/\/vineyard-nuernberg.org\/cms\/wp-content\/uploads\/2023\/04\/Tim-Transparent-1024x724.png\" alt=\"\" class=\"wp-image-537\" srcset=\"https:\/\/vineyard-nuernberg.org\/cms\/wp-content\/uploads\/2023\/04\/Tim-Transparent-1024x724.png 1024w, https:\/\/vineyard-nuernberg.org\/cms\/wp-content\/uploads\/2023\/04\/Tim-Transparent-300x212.png 300w, https:\/\/vineyard-nuernberg.org\/cms\/wp-content\/uploads\/2023\/04\/Tim-Transparent-768x543.png 768w, https:\/\/vineyard-nuernberg.org\/cms\/wp-content\/uploads\/2023\/04\/Tim-Transparent-1536x1086.png 1536w, https:\/\/vineyard-nuernberg.org\/cms\/wp-content\/uploads\/2023\/04\/Tim-Transparent-2048x1448.png 2048w\" sizes=\"auto, (max-width: 767px) 89vw, (max-width: 1000px) 54vw, (max-width: 1071px) 543px, 580px\" \/><\/figure>\n\n\n<p class=\"_04xlpA direction-ltr align-end para-style-body\"><span class=\"S1PPyQ\">Um eine starke Kinder- und Jugendarbeit<\/span> <span class=\"S1PPyQ\">aufzubauen ben\u00f6tigt es deine<\/span> <span class=\"S1PPyQ\">Unterst\u00fctzung. Wie kann das konkret aussehen?\u00a0<\/span><\/p>\n<p style=\"padding-left: 40px;\"><span style=\"font-size: revert;\">1. Werde Gebetsunterst\u00fctzer<\/span><\/p>\n<p>&#8222;Gebet ist nicht Alles aber ohne Gebet ist Alles nichts&#8220; (Johannes Hartl). Durch dein Gebet kannst du direkt auf die Kinder- und Jugendarbeit einwirken. Dein Gebet hat Kraft &#8211; mehr als du denkst. Du erh\u00e4lts immer wieder aktuelle Informationen und konkrete Gebetsanliegen. So kannst du direkt Teil dieser Arbeit werden.<\/p>\n<p style=\"padding-left: 40px;\">2. <span class=\"S1PPyQ\">\u00a0Werde finanzieller Unterst\u00fctzer dieser Arbeit<\/span><\/p>\n<p class=\"_04xlpA direction-ltr align-end para-style-body\">Unserer Gemeinde liegen Kinder und Jugendliche sehr am Herzen. Wir sp\u00fcren, dass Gott mit der neuen Generation Geschichte schreiben m\u00f6chte. Deshalb m\u00f6chten wir in die Kinder- und Jugendarbeit durch eine feste Jugendreferentenstelle hineininvestieren.\u00a0<\/p>\n<p>Vielleicht denkst du: &#8222;Was kann ich schon geben?&#8220; F\u00fcr Gott waren die zwei Kupfergroschen der armen Witwe in Lukas 21,2 mehr wert als alles andere.\u00a0<\/p>\n<p>Egal ob mit 2\u20ac oder 20.000\u20ac werde Tr\u00e4ger dieses Projekts.<\/p>\n<p class=\"_04xlpA direction-ltr align-justify para-style-body\" style=\"padding-left: 40px;\"><span class=\"WdYUQQ text-decoration-none text-strikethrough-none\">Empf\u00e4nger:<\/span> <span class=\"WdYUQQ text-decoration-none text-strikethrough-none\">Vineyard N\u00fcrnberg e.V.<br \/><\/span><span class=\"WdYUQQ text-decoration-none text-strikethrough-none\">IBAN: DE43520604100003500543<br \/><\/span><span class=\"WdYUQQ text-decoration-none text-strikethrough-none\">BIC: GENODEF1EK1 (Evangelische Bank)<br \/><\/span><span class=\"WdYUQQ text-decoration-none text-strikethrough-none\">Verwendungszweck: Jugendarbeit<\/span><\/p>\n<p>(Info: F\u00fcr den Erhalt einer Spendenbescheinigung ab 50\u20ac im Kalenderjahr bitte Name und Adresse angeben.)\u00a0\u00a0<\/p>\n<p>Vielen Dank f\u00fcr jede Art von Unterst\u00fctzung!<\/p>\n\n<div class=\"everest-forms\"><div class=\"evf-container default\" id=\"evf-983\"><form id=\"evf-form-983\" class=\"everest-form\" data-formid=\"983\" data-ajax_submission=\"0\" data-keyboard_friendly_form=\"0\" data-form_state_type=\"\" method=\"post\" enctype=\"multipart\/form-data\" action=\"\/cms\/index.php\/wp-json\/wp\/v2\/pages\/532\"><div class=\"evf-field-container\"><input type=\"hidden\" id=\"_wpnonce983\" name=\"_wpnonce983\" value=\"e509dc9969\" \/><input type=\"hidden\" name=\"_wp_http_referer\" value=\"\/cms\/index.php\/wp-json\/wp\/v2\/pages\/532\" \/><div class=\"evf-frontend-row\" data-row=\"row_1\" conditional_rules=\"[]\"><div class=\"evf-frontend-grid evf-grid-1\" data-grid=\"grid_1\"><div id=\"evf-983-field_ys0GeZISRs-1-container\" class=\"evf-field evf-field-first-name form-row validate-required\" data-required-field-message=\"This field is required.\" data-field-id=\"ys0GeZISRs-1\"><label class=\"evf-field-label\" for=\"evf-983-field_ys0GeZISRs-1\"><span class=\"evf-label\">Dein Name<\/span> <abbr class=\"required\" title=\"Required\">*<\/abbr><\/label><input type=\"text\" id=\"evf-983-field_ys0GeZISRs-1\" class=\"input-text\" name=\"everest_forms[form_fields][ys0GeZISRs-1]\" required><\/div><div id=\"evf-983-field_LbH5NxasXM-2-container\" class=\"evf-field evf-field-email form-row validate-required validate-email\" data-required-field-message=\"Please enter a valid email address.\" data-field-id=\"LbH5NxasXM-2\"><label class=\"evf-field-label\" for=\"evf-983-field_LbH5NxasXM-2\"><span class=\"evf-label\">Deine Email<\/span> <abbr class=\"required\" title=\"Required\">*<\/abbr><\/label><input type=\"email\" id=\"evf-983-field_LbH5NxasXM-2\" class=\"input-text\" name=\"everest_forms[form_fields][LbH5NxasXM-2]\" required ><\/div><div id=\"evf-983-field_azB8zDJL6n-5-container\" class=\"evf-field evf-field-radio form-row\" data-field-id=\"azB8zDJL6n-5\"><label class=\"evf-field-label\" for=\"evf-983-field_azB8zDJL6n-5\"><span class=\"evf-label\">Dein Interesse<\/span> <\/label><ul id=\"evf-983-field_azB8zDJL6n-5\"><li class=\"choice-1 depth-1\"><input type=\"radio\" id=\"evf-983-field_azB8zDJL6n-5_1\" class=\"input-text\" name=\"everest_forms[form_fields][azB8zDJL6n-5]\" value=\"Ich m\u00f6chte eure Jugendarbeit finanziell unterst\u00fctzen.\"  ><label class=\"everest-forms-field-label-inline\" for=\"evf-983-field_azB8zDJL6n-5_1\">Ich m\u00f6chte eure Jugendarbeit finanziell unterst\u00fctzen.<\/label><\/li><li class=\"choice-2 depth-1\"><input type=\"radio\" id=\"evf-983-field_azB8zDJL6n-5_2\" class=\"input-text\" name=\"everest_forms[form_fields][azB8zDJL6n-5]\" value=\"Ich m\u00f6chte eure Jugendarbeit mit Gebet unterst\u00fctzen.\"  ><label class=\"everest-forms-field-label-inline\" for=\"evf-983-field_azB8zDJL6n-5_2\">Ich m\u00f6chte eure Jugendarbeit mit Gebet unterst\u00fctzen.<\/label><\/li><li class=\"choice-3 depth-1\"><input type=\"radio\" id=\"evf-983-field_azB8zDJL6n-5_3\" class=\"input-text\" name=\"everest_forms[form_fields][azB8zDJL6n-5]\" value=\"Mein Interesse wurde geweckt, dich zu unterst\u00fctzen. Gibt es mehr Infos?\"  ><label class=\"everest-forms-field-label-inline\" for=\"evf-983-field_azB8zDJL6n-5_3\">Mein Interesse wurde geweckt, dich zu unterst\u00fctzen. Gibt es mehr Infos?<\/label><\/li><\/ul><\/div><div id=\"evf-983-field_yhGx3FOwr2-4-container\" class=\"evf-field evf-field-textarea form-row\" data-field-id=\"yhGx3FOwr2-4\"><label class=\"evf-field-label\" for=\"evf-983-field_yhGx3FOwr2-4\"><span class=\"evf-label\">Deine Nachricht \/ Dein Kommentar<\/span> <\/label><textarea id=\"evf-983-field_yhGx3FOwr2-4\" class=\"input-text\" name=\"everest_forms[form_fields][yhGx3FOwr2-4]\"  ><\/textarea><\/div><div id=\"evf-983-field_mdEGq47Ph2-6-container\" class=\"evf-field evf-field-recaptcha form-row\" data-field-id=\"mdEGq47Ph2-6\"><div class=\"evf-recaptcha-container recaptcha-hidden\" style=\"display:block\"><div class=\"g-recaptcha\" data-sitekey=\"6Lel3mMjAAAAADwkM2CEsR69rVaxTh84KfYPwfty\"><\/div><\/div><\/div><\/div><\/div><\/div><div class=\"evf-honeypot-container evf-field-hp\"><label for=\"evf-983-field-hp\" class=\"evf-field-label\">Phone<\/label><input type=\"text\" name=\"everest_forms[hp]\" id=\"evf-983-field-hp\" class=\"input-text\"><\/div><div class=\"evf-submit-container \" ><input type=\"hidden\" name=\"everest_forms[id]\" value=\"983\"><input type=\"hidden\" name=\"everest_forms[author]\" value=\"3\"><button type='submit' name='everest_forms[submit]' class='everest-forms-submit-button button evf-submit ' id='evf-submit-983' value='evf-submit' data-process-text=\"Processing\u2026\" conditional_rules='&quot;&quot;' conditional_id='evf-submit-983'  id=\"evf-submit-983\" aria-live=\"assertive\">Absenden<\/button><\/div><\/form><\/div><!-- .evf-container --><\/div>","protected":false},"excerpt":{"rendered":"<p>Wer bin ich? Hi, Ich hei\u00dfe Tim Schuster. Wenn Freunde mich mit drei Worten beschreiben w\u00fcrden, dann w\u00e4ren es vermutlich diese: spielebegeistert loyal gerne f\u00fcr eine verr\u00fcckte Aktion zu haben (insbesondere Outdoor) In meiner Freizeit bin ich gerne drau\u00dfen sportlich aktiv &#8211; egal ob beim Wandern, Klettern oder Volleyball Spielen. Auch bei einem gem\u00fctlichen Spieleabend &hellip; <\/p>\n<p class=\"link-more\"><a href=\"https:\/\/vineyard-nuernberg.org\/cms\/index.php\/angebote\/jugendarbeit\/wer-bin-ich\/\" class=\"more-link\"><span class=\"screen-reader-text\">\u201eJugendreferent\u201c <\/span>weiterlesen<\/a><\/p>\n","protected":false},"author":3,"featured_media":0,"parent":458,"menu_order":1,"comment_status":"closed","ping_status":"closed","template":"","meta":{"footnotes":""},"class_list":["post-532","page","type-page","status-publish","hentry"],"_links":{"self":[{"href":"https:\/\/vineyard-nuernberg.org\/cms\/index.php\/wp-json\/wp\/v2\/pages\/532","targetHints":{"allow":["GET"]}}],"collection":[{"href":"https:\/\/vineyard-nuernberg.org\/cms\/index.php\/wp-json\/wp\/v2\/pages"}],"about":[{"href":"https:\/\/vineyard-nuernberg.org\/cms\/index.php\/wp-json\/wp\/v2\/types\/page"}],"author":[{"embeddable":true,"href":"https:\/\/vineyard-nuernberg.org\/cms\/index.php\/wp-json\/wp\/v2\/users\/3"}],"replies":[{"embeddable":true,"href":"https:\/\/vineyard-nuernberg.org\/cms\/index.php\/wp-json\/wp\/v2\/comments?post=532"}],"version-history":[{"count":26,"href":"https:\/\/vineyard-nuernberg.org\/cms\/index.php\/wp-json\/wp\/v2\/pages\/532\/revisions"}],"predecessor-version":[{"id":984,"href":"https:\/\/vineyard-nuernberg.org\/cms\/index.php\/wp-json\/wp\/v2\/pages\/532\/revisions\/984"}],"up":[{"embeddable":true,"href":"https:\/\/vineyard-nuernberg.org\/cms\/index.php\/wp-json\/wp\/v2\/pages\/458"}],"wp:attachment":[{"href":"https:\/\/vineyard-nuernberg.org\/cms\/index.php\/wp-json\/wp\/v2\/media?parent=532"}],"curies":[{"name":"wp","href":"https:\/\/api.w.org\/{rel}","templated":true}]}}