{"id":9,"date":"2022-12-05T20:03:25","date_gmt":"2022-12-05T20:03:25","guid":{"rendered":"https:\/\/vineyard-nuernberg.org\/cms\/?page_id=9"},"modified":"2022-12-05T21:07:26","modified_gmt":"2022-12-05T21:07:26","slug":"ueber-uns","status":"publish","type":"page","link":"https:\/\/vineyard-nuernberg.org\/cms\/index.php\/ueber-uns\/","title":{"rendered":"\u00dcber uns"},"content":{"rendered":"\n<p>Seit 1998 gibt es die Vineyard N\u00fcrnberg, hervorgegangen aus einem kleinen Hauskreis. Wir treffen uns jeden Sonntag um 17.00 Uhr in der Gnadenkirche im Stadtteil Schafhof.<\/p>\n\n\n\n<p>Jung &#8211; dynamisch &#8211; vielseitig:&nbsp; Vom Baby bis zum Senior ist bei uns jeder herzlich willkommen. Gott nimmt jeden Menschen an und liebt ihn unabh\u00e4ngig von seiner Leistung. Das haben auch wir in der Vineyard N\u00fcrnberg immer wieder erlebt und m\u00f6chten es gerne mit jedem teilen, der daran interessiert ist.<\/p>\n\n\n\n<p>Ehrenamtliche&nbsp;Teams helfen die verschiedenen Aktionen und Dienste in unserer Gemeinde zu gestalten und freuen sich auf neue Gesichter und zupackende H\u00e4nde.<\/p>\n","protected":false},"excerpt":{"rendered":"<p>Seit 1998 gibt es die Vineyard N\u00fcrnberg, hervorgegangen aus einem kleinen Hauskreis. Wir treffen uns jeden Sonntag um 17.00 Uhr in der Gnadenkirche im Stadtteil Schafhof. Jung &#8211; dynamisch &#8211; vielseitig:&nbsp; Vom Baby bis zum Senior ist bei uns jeder herzlich willkommen. Gott nimmt jeden Menschen an und liebt ihn unabh\u00e4ngig von seiner Leistung. Das &hellip; <\/p>\n<p class=\"link-more\"><a href=\"https:\/\/vineyard-nuernberg.org\/cms\/index.php\/ueber-uns\/\" class=\"more-link\"><span class=\"screen-reader-text\">\u201e\u00dcber uns\u201c <\/span>weiterlesen<\/a><\/p>\n","protected":false},"author":1,"featured_media":61,"parent":0,"menu_order":0,"comment_status":"closed","ping_status":"closed","template":"","meta":{"footnotes":""},"class_list":["post-9","page","type-page","status-publish","has-post-thumbnail","hentry"],"_links":{"self":[{"href":"https:\/\/vineyard-nuernberg.org\/cms\/index.php\/wp-json\/wp\/v2\/pages\/9","targetHints":{"allow":["GET"]}}],"collection":[{"href":"https:\/\/vineyard-nuernberg.org\/cms\/index.php\/wp-json\/wp\/v2\/pages"}],"about":[{"href":"https:\/\/vineyard-nuernberg.org\/cms\/index.php\/wp-json\/wp\/v2\/types\/page"}],"author":[{"embeddable":true,"href":"https:\/\/vineyard-nuernberg.org\/cms\/index.php\/wp-json\/wp\/v2\/users\/1"}],"replies":[{"embeddable":true,"href":"https:\/\/vineyard-nuernberg.org\/cms\/index.php\/wp-json\/wp\/v2\/comments?post=9"}],"version-history":[{"count":3,"href":"https:\/\/vineyard-nuernberg.org\/cms\/index.php\/wp-json\/wp\/v2\/pages\/9\/revisions"}],"predecessor-version":[{"id":62,"href":"https:\/\/vineyard-nuernberg.org\/cms\/index.php\/wp-json\/wp\/v2\/pages\/9\/revisions\/62"}],"wp:featuredmedia":[{"embeddable":true,"href":"https:\/\/vineyard-nuernberg.org\/cms\/index.php\/wp-json\/wp\/v2\/media\/61"}],"wp:attachment":[{"href":"https:\/\/vineyard-nuernberg.org\/cms\/index.php\/wp-json\/wp\/v2\/media?parent=9"}],"curies":[{"name":"wp","href":"https:\/\/api.w.org\/{rel}","templated":true}]}}