{"id":90,"date":"2022-12-06T17:10:42","date_gmt":"2022-12-06T17:10:42","guid":{"rendered":"https:\/\/vineyard-nuernberg.org\/cms\/?page_id=90"},"modified":"2022-12-30T13:54:18","modified_gmt":"2022-12-30T13:54:18","slug":"netzwerke","status":"publish","type":"page","link":"https:\/\/vineyard-nuernberg.org\/cms\/index.php\/netzwerke\/","title":{"rendered":"Netzwerke"},"content":{"rendered":"<div id=\"pl-90\"  class=\"panel-layout\" ><div id=\"pg-90-0\"  class=\"panel-grid panel-no-style\" ><div id=\"pgc-90-0-0\"  class=\"panel-grid-cell\" ><div id=\"panel-90-0-0-0\" class=\"so-panel widget widget_sow-editor panel-first-child panel-last-child\" data-index=\"0\" ><div\n\t\t\t\n\t\t\tclass=\"so-widget-sow-editor so-widget-sow-editor-base\"\n\t\t\t\n\t\t>\n<div class=\"siteorigin-widget-tinymce textwidget\">\n\t<p>Unsere Gemeinde ist Mitglied in der Evangelischen Allianz, einem anerkannten Verband mit \u00fcber 100-j\u00e4hriger Tradition.\u00a0Hier sind bundesweit Gemeinden\u00a0der Evangelischen Kirche Deutschlands und dem freikirchlichen Spektrum zusammengeschlossen.<\/p>\n<p>In diesem Rahmen treffen wir uns, um uns auszutauschen und gemeinsam Verantwortung f\u00fcr unsere Stadt zu \u00fcbernehmen.<\/p>\n<p>Au\u00dferdem sind wir in verschiedene andere christliche Netzwerke eingebunden, in denen wir mitarbeiten und uns austauschen. Zudem pflegen wir partnerschaftliche Beziehungen zu anderen Gemeinden auch au\u00dferhalb der Frankenmetropole.<\/p>\n<h4><strong>Vineyard Bewegung:<\/strong><\/h4>\n<ul>\n<li>Deutschsprachige Vineyard-Bewegung:\u00a0<a href=\"http:\/\/www.vineyard-dach.de\/\" target=\"_blank\" rel=\"noopener\">https:\/\/www.vineyard-dach.de<\/a><\/li>\n<li>Vineyard Community S\u00fcd\/West:\u00a0<a href=\"http:\/\/www.vineyard-community.de\/\" target=\"_blank\" rel=\"noopener\">https:\/\/www.vineyard-community.de<\/a><\/li>\n<\/ul>\n<h4><strong>Gemeinden:<\/strong><\/h4>\n<ul>\n<li>Vineyard Sch\u00e4bisch Hall:\u00a0<a href=\"http:\/\/www.vineyard-sha.de\/\" target=\"_blank\" rel=\"noopener\">https:\/\/www.vineyard-sha.de<\/a><\/li>\n<li>Vineyard Speyer:\u00a0<a href=\"http:\/\/www.vineyard-speyer.de\/\" target=\"_blank\" rel=\"noopener\">https:\/\/www.vineyard-speyer.de<\/a><\/li>\n<li>Vineyard W\u00fcrzburg:\u00a0<a href=\"http:\/\/www.vineyard-wuerzburg.de\/\" target=\"_blank\" rel=\"noopener\">https:\/\/www.vineyard-wuerzburg.de<\/a><\/li>\n<li>Vaterhaus N\u00fcrnberg:\u00a0<a href=\"http:\/\/www.vaterhaus.org\/\" target=\"_blank\" rel=\"noopener\">https:\/\/www.vaterhaus.org<\/a><\/li>\n<li>Jesus Freaks N\u00fcrnberg:\u00a0<a href=\"https:\/\/www.jesusfreaks-nbg.de\/\" target=\"_blank\" rel=\"noopener\">https:\/\/www.jesusfreaks-nbg.de<\/a><\/li>\n<\/ul>\n<h4><strong>Allianzen:<\/strong><\/h4>\n<ul>\n<li>Evangelische Allianz Deutschland:\u00a0<a href=\"http:\/\/www.ead.de\/\" target=\"_blank\" rel=\"noopener\">https:\/\/www.ead.de<\/a><\/li>\n<li>Gemeinsam f\u00fcr N\u00fcrnberg:\u00a0<a href=\"http:\/\/www.gfnuernberg.de\/\" target=\"_blank\" rel=\"noopener\">https:\/\/www.gfnuernberg.de<\/a><\/li>\n<\/ul>\n<\/div>\n<\/div><\/div><\/div><\/div><\/div>","protected":false},"excerpt":{"rendered":"<p>Unsere Gemeinde ist Mitglied in der Evangelischen Allianz, einem anerkannten Verband mit \u00fcber 100-j\u00e4hriger Tradition.\u00a0Hier sind bundesweit Gemeinden\u00a0der Evangelischen Kirche Deutschlands und dem freikirchlichen Spektrum zusammengeschlossen. In diesem Rahmen treffen wir uns, um uns auszutauschen und gemeinsam Verantwortung f\u00fcr unsere Stadt zu \u00fcbernehmen. Au\u00dferdem sind wir in verschiedene andere christliche Netzwerke eingebunden, in denen wir &hellip; <\/p>\n<p class=\"link-more\"><a href=\"https:\/\/vineyard-nuernberg.org\/cms\/index.php\/netzwerke\/\" class=\"more-link\"><span class=\"screen-reader-text\">\u201eNetzwerke\u201c <\/span>weiterlesen<\/a><\/p>\n","protected":false},"author":1,"featured_media":380,"parent":0,"menu_order":0,"comment_status":"closed","ping_status":"closed","template":"","meta":{"footnotes":""},"class_list":["post-90","page","type-page","status-publish","has-post-thumbnail","hentry"],"_links":{"self":[{"href":"https:\/\/vineyard-nuernberg.org\/cms\/index.php\/wp-json\/wp\/v2\/pages\/90","targetHints":{"allow":["GET"]}}],"collection":[{"href":"https:\/\/vineyard-nuernberg.org\/cms\/index.php\/wp-json\/wp\/v2\/pages"}],"about":[{"href":"https:\/\/vineyard-nuernberg.org\/cms\/index.php\/wp-json\/wp\/v2\/types\/page"}],"author":[{"embeddable":true,"href":"https:\/\/vineyard-nuernberg.org\/cms\/index.php\/wp-json\/wp\/v2\/users\/1"}],"replies":[{"embeddable":true,"href":"https:\/\/vineyard-nuernberg.org\/cms\/index.php\/wp-json\/wp\/v2\/comments?post=90"}],"version-history":[{"count":5,"href":"https:\/\/vineyard-nuernberg.org\/cms\/index.php\/wp-json\/wp\/v2\/pages\/90\/revisions"}],"predecessor-version":[{"id":101,"href":"https:\/\/vineyard-nuernberg.org\/cms\/index.php\/wp-json\/wp\/v2\/pages\/90\/revisions\/101"}],"wp:featuredmedia":[{"embeddable":true,"href":"https:\/\/vineyard-nuernberg.org\/cms\/index.php\/wp-json\/wp\/v2\/media\/380"}],"wp:attachment":[{"href":"https:\/\/vineyard-nuernberg.org\/cms\/index.php\/wp-json\/wp\/v2\/media?parent=90"}],"curies":[{"name":"wp","href":"https:\/\/api.w.org\/{rel}","templated":true}]}}